{"id":2463,"date":"2023-12-26T18:07:39","date_gmt":"2023-12-26T17:07:39","guid":{"rendered":"https:\/\/peregrinacionfatimajrc.es\/?page_id=2463"},"modified":"2024-11-18T22:18:28","modified_gmt":"2024-11-18T21:18:28","slug":"04-bases-del-concurso-de-carteles","status":"publish","type":"page","link":"https:\/\/peregrinacionfatimajrc.es\/index.php\/04-bases-del-concurso-de-carteles\/","title":{"rendered":"04-Bases del concurso de Carteles"},"content":{"rendered":"\t\t<div data-elementor-type=\"wp-post\" data-elementor-id=\"2463\" class=\"elementor elementor-2463\" data-elementor-post-type=\"page\">\n\t\t\t\t<div class=\"elementor-element elementor-element-36e4911 e-flex e-con-boxed e-con e-parent\" data-id=\"36e4911\" data-element_type=\"container\" data-e-type=\"container\" data-settings=\"{&quot;background_background&quot;:&quot;classic&quot;}\">\n\t\t\t\t\t<div class=\"e-con-inner\">\n\t\t<div class=\"elementor-element elementor-element-8d332cf e-con-full e-flex e-con e-child\" data-id=\"8d332cf\" data-element_type=\"container\" data-e-type=\"container\">\n\t\t\t\t<div class=\"elementor-element elementor-element-4bf79de elementor-widget elementor-widget-heading\" data-id=\"4bf79de\" data-element_type=\"widget\" data-e-type=\"widget\" data-widget_type=\"heading.default\">\n\t\t\t\t<div class=\"elementor-widget-container\">\n\t\t\t\t\t<h1 class=\"elementor-heading-title elementor-size-default\">Bases del concurso de carteles<\/h1>\t\t\t\t<\/div>\n\t\t\t\t<\/div>\n\t\t\t\t<\/div>\n\t\t\t\t\t<\/div>\n\t\t\t\t<\/div>\n\t\t<div class=\"elementor-element elementor-element-0c901ab e-flex e-con-boxed e-con e-parent\" data-id=\"0c901ab\" data-element_type=\"container\" data-e-type=\"container\">\n\t\t\t\t\t<div class=\"e-con-inner\">\n\t\t\t\t<div class=\"elementor-element elementor-element-49963d9 elementor-widget elementor-widget-text-editor\" data-id=\"49963d9\" data-element_type=\"widget\" data-e-type=\"widget\" data-widget_type=\"text-editor.default\">\n\t\t\t\t<div class=\"elementor-widget-container\">\n\t\t\t\t\t\t\t\t\t<h3 style=\"text-align: center;\">BASES DEL CONCURSO DE CARTELES\u00a0<\/h3><p style=\"text-align: justify;\"><strong><span style=\"color: #ff9900;\">OBJETO:<\/span><\/strong><\/p><p style=\"padding-left: 30px; text-align: justify;\">Fomentar la participaci\u00f3n en la peregrinaci\u00f3n a F\u00e1tima de JRC.<br \/>Difundir la devoci\u00f3n a la Virgen Mar\u00eda<\/p><p style=\"text-align: justify;\"><strong><span style=\"color: #ff9900;\">PREMIO:<\/span><\/strong><\/p><p style=\"padding-left: 30px; text-align: justify;\">El ganador del concurso obtendr\u00e1 el descuento del 100% del precio de la peregrinaci\u00f3n.<br \/><strong>\u00a1Vendr\u00e1s gratis!<\/strong><\/p><p style=\"text-align: justify;\"><span style=\"color: #ff9900;\"><strong>CONDICIONES:<\/strong><\/span><\/p><p style=\"padding-left: 30px; text-align: justify;\">El tama\u00f1o del cartel ser\u00e1 de 32 cm de ancho por 45 cm de alto, y se deber\u00e1 dejar un margen de 3 mm desde el borde libre de texto. La resoluci\u00f3n del archivo debe ser al menos de 300 ppp y se entregar\u00e1 en formato pdf.<\/p><p style=\"padding-left: 30px; text-align: justify;\">Las im\u00e1genes utilizadas deben estar libres de derechos o disponer del permiso del autor para utilizarlas, y entre ellas ha de aparecer la Virgen de F\u00e1tima.<\/p><p style=\"padding-left: 30px; text-align: justify;\">Las obras ser\u00e1n originales y cada participante solo podr\u00e1 presentar una obra para el concurso.<\/p><p style=\"padding-left: 30px; text-align: justify;\"><strong>El cartel deber\u00e1 contener la siguiente informaci\u00f3n:<\/strong><\/p><p style=\"padding-left: 60px; text-align: justify;\">\u25aa Las fechas de la peregrinaci\u00f3n: del 28 de febrero al 4 de marzo.<br \/>\u25aa N\u00famero de peregrinaci\u00f3n (opcional): XXXIV Peregrinaci\u00f3n de<br \/>j\u00f3venes a F\u00e1tima.<br \/>\u25aa A\u00f1o de la Peregrinaci\u00f3n (opcional): 2025.<br \/>\u25aa Podr\u00eda aparecer alguna palabra o frase que invite a la participaci\u00f3n a<br \/>la Peregrinaci\u00f3n (opcional). Ej.: en a\u00f1os anteriores apareci\u00f3<br \/>\u201cDesc\u00fabrela\u201d, \u201cElla te espera\u201d, \u201cSiempre contigo\u201d, \u201cVente a F\u00e1tima\u201d,<br \/>etc. El lema de este a\u00f1o es \u2018Consuela mi Coraz\u00f3n\u2019.<br \/>\u25aa Organiza J\u00f3venes por el Reino de Cristo.<br \/>\u25aa + Info: www.peregrinacionfatimajrc.es \/<br \/>jovenesreinodecristo@gmail.com<br \/>\u25aa Redes sociales (opcional): Instagram (@jovenesporelrenodecrsto)<\/p><p style=\"text-align: justify;\"><strong><span style=\"color: #ff9900;\">PARTICIPANTES:<\/span><\/strong><\/p><p style=\"padding-left: 30px; text-align: justify;\">Cualquier\u00a0persona <strong>que asista a la peregrinaci\u00f3n de J\u00f3venes<\/strong><\/p><p style=\"text-align: justify;\"><span style=\"color: #ff9900;\"><strong>ENTREGA DE TRABAJOS:<\/strong><\/span><\/p><ul><li>Los trabajos podr\u00e1n presentarse hasta el d\u00eda 29 de noviembre a las<br \/>20:00h. El cartel ganador se dar\u00e1 a conocer a partir del 15 de<br \/>diciembre.<br \/>\u25aa Los trabajos se mandar\u00e1n solamente por e-mail (no utilizar otro<br \/>medio), a la direcci\u00f3n de correo electr\u00f3nico:<br \/>jovenesreinodecristo@gmail.com<\/li><li>Se enviar\u00e1 el cartel en otro formato para subir a las votaciones de la<br \/>web.<br \/>o El tama\u00f1o ser\u00e1 de 32 x 45 cm y 72 ppp.<br \/>o El formato ser\u00e1 PNG para web con 8 bits de profundidad y 128<br \/>colores.<br \/>o El tama\u00f1o m\u00e1ximo ser\u00e1 de 600 Kb.<\/li><\/ul><p style=\"text-align: justify;\"><span style=\"color: #ff9900;\"><strong>JURADO:<\/strong><\/span><\/p><p style=\"padding-left: 30px; text-align: justify;\">Estar\u00e1 compuesto por los consiliarios, secretario y miembros del<br \/>consejo nacional de JRC y por ti&#8230; Tu voto contribuir\u00e1 a la elecci\u00f3n del<br \/>cartel ganador. Todos los votos recibidos a trav\u00e9s de la p\u00e1gina web<br \/>configurar\u00e1n un miembro del jurado m\u00e1s y por lo tanto un voto.<br \/>La organizaci\u00f3n se reserva el derecho a la modificaci\u00f3n del cartel<br \/>ganador.<br \/>\u00a1Suerte a todos! \u00a1Que sea un cartel para Ella!<\/p>\t\t\t\t\t\t\t\t<\/div>\n\t\t\t\t<\/div>\n\t\t\t\t\t<\/div>\n\t\t\t\t<\/div>\n\t\t\t\t<\/div>\n\t\t","protected":false},"excerpt":{"rendered":"<p>Bases del concurso de carteles BASES DEL CONCURSO DE CARTELES\u00a0 OBJETO: Fomentar la participaci\u00f3n en la peregrinaci\u00f3n a F\u00e1tima de JRC.Difundir la devoci\u00f3n a la Virgen Mar\u00eda PREMIO: El ganador del concurso obtendr\u00e1 el descuento del 100% del precio de la peregrinaci\u00f3n.\u00a1Vendr\u00e1s gratis! CONDICIONES: El tama\u00f1o del cartel ser\u00e1 de 32 cm de ancho por [&hellip;]<\/p>\n","protected":false},"author":1,"featured_media":0,"parent":0,"menu_order":0,"comment_status":"closed","ping_status":"closed","template":"","meta":{"_uag_custom_page_level_css":"","site-sidebar-layout":"no-sidebar","site-content-layout":"page-builder","ast-site-content-layout":"full-width-container","site-content-style":"unboxed","site-sidebar-style":"unboxed","ast-global-header-display":"","ast-banner-title-visibility":"","ast-main-header-display":"","ast-hfb-above-header-display":"","ast-hfb-below-header-display":"","ast-hfb-mobile-header-display":"","site-post-title":"disabled","ast-breadcrumbs-content":"","ast-featured-img":"disabled","footer-sml-layout":"","ast-disable-related-posts":"","theme-transparent-header-meta":"enabled","adv-header-id-meta":"","stick-header-meta":"","header-above-stick-meta":"","header-main-stick-meta":"","header-below-stick-meta":"","astra-migrate-meta-layouts":"set","ast-page-background-enabled":"default","ast-page-background-meta":{"desktop":{"background-color":"","background-image":"","background-repeat":"repeat","background-position":"center center","background-size":"auto","background-attachment":"scroll","background-type":"","background-media":"","overlay-type":"","overlay-color":"","overlay-opacity":"","overlay-gradient":""},"tablet":{"background-color":"","background-image":"","background-repeat":"repeat","background-position":"center center","background-size":"auto","background-attachment":"scroll","background-type":"","background-media":"","overlay-type":"","overlay-color":"","overlay-opacity":"","overlay-gradient":""},"mobile":{"background-color":"","background-image":"","background-repeat":"repeat","background-position":"center center","background-size":"auto","background-attachment":"scroll","background-type":"","background-media":"","overlay-type":"","overlay-color":"","overlay-opacity":"","overlay-gradient":""}},"ast-content-background-meta":{"desktop":{"background-color":"var(--ast-global-color-5)","background-image":"","background-repeat":"repeat","background-position":"center center","background-size":"auto","background-attachment":"scroll","background-type":"","background-media":"","overlay-type":"","overlay-color":"","overlay-opacity":"","overlay-gradient":""},"tablet":{"background-color":"var(--ast-global-color-5)","background-image":"","background-repeat":"repeat","background-position":"center center","background-size":"auto","background-attachment":"scroll","background-type":"","background-media":"","overlay-type":"","overlay-color":"","overlay-opacity":"","overlay-gradient":""},"mobile":{"background-color":"var(--ast-global-color-5)","background-image":"","background-repeat":"repeat","background-position":"center center","background-size":"auto","background-attachment":"scroll","background-type":"","background-media":"","overlay-type":"","overlay-color":"","overlay-opacity":"","overlay-gradient":""}},"ngg_post_thumbnail":0,"footnotes":""},"class_list":["post-2463","page","type-page","status-publish","hentry"],"uagb_featured_image_src":{"full":false,"thumbnail":false,"medium":false,"medium_large":false,"large":false,"1536x1536":false,"2048x2048":false},"uagb_author_info":{"display_name":"admin","author_link":"https:\/\/peregrinacionfatimajrc.es\/index.php\/author\/admin\/"},"uagb_comment_info":0,"uagb_excerpt":"Bases del concurso de carteles BASES DEL CONCURSO DE CARTELES\u00a0 OBJETO: Fomentar la participaci\u00f3n en la peregrinaci\u00f3n a F\u00e1tima de JRC.Difundir la devoci\u00f3n a la Virgen Mar\u00eda PREMIO: El ganador del concurso obtendr\u00e1 el descuento del 100% del precio de la peregrinaci\u00f3n.\u00a1Vendr\u00e1s gratis! CONDICIONES: El tama\u00f1o del cartel ser\u00e1 de 32 cm de ancho por&hellip;","_links":{"self":[{"href":"https:\/\/peregrinacionfatimajrc.es\/index.php\/wp-json\/wp\/v2\/pages\/2463","targetHints":{"allow":["GET"]}}],"collection":[{"href":"https:\/\/peregrinacionfatimajrc.es\/index.php\/wp-json\/wp\/v2\/pages"}],"about":[{"href":"https:\/\/peregrinacionfatimajrc.es\/index.php\/wp-json\/wp\/v2\/types\/page"}],"author":[{"embeddable":true,"href":"https:\/\/peregrinacionfatimajrc.es\/index.php\/wp-json\/wp\/v2\/users\/1"}],"replies":[{"embeddable":true,"href":"https:\/\/peregrinacionfatimajrc.es\/index.php\/wp-json\/wp\/v2\/comments?post=2463"}],"version-history":[{"count":12,"href":"https:\/\/peregrinacionfatimajrc.es\/index.php\/wp-json\/wp\/v2\/pages\/2463\/revisions"}],"predecessor-version":[{"id":2872,"href":"https:\/\/peregrinacionfatimajrc.es\/index.php\/wp-json\/wp\/v2\/pages\/2463\/revisions\/2872"}],"wp:attachment":[{"href":"https:\/\/peregrinacionfatimajrc.es\/index.php\/wp-json\/wp\/v2\/media?parent=2463"}],"curies":[{"name":"wp","href":"https:\/\/api.w.org\/{rel}","templated":true}]}}